{"id":989655,"date":"2022-08-17T10:25:06","date_gmt":"2022-08-17T10:25:06","guid":{"rendered":"https:\/\/icnova.staging.widgilabs-sites.com\/?page_id=989655"},"modified":"2023-05-19T14:39:13","modified_gmt":"2023-05-19T14:39:13","slug":"joel-hasse-ferreira","status":"publish","type":"page","link":"https:\/\/www.icnova.fcsh.unl.pt\/en\/in-memoriam\/joel-hasse-ferreira\/","title":{"rendered":"In Memoriam &#8211; Joel Hasse Ferreira"},"content":{"rendered":"\t\t<div data-elementor-type=\"wp-page\" data-elementor-id=\"989655\" class=\"elementor elementor-989655\" data-elementor-post-type=\"page\">\n\t\t\t\t\t\t<section class=\"elementor-section elementor-top-section elementor-element elementor-element-6445c0e3 elementor-section-boxed elementor-section-height-default elementor-section-height-default\" data-id=\"6445c0e3\" data-element_type=\"section\" data-e-type=\"section\">\n\t\t\t\t\t\t<div class=\"elementor-container elementor-column-gap-default\">\n\t\t\t\t\t<div class=\"elementor-column elementor-col-33 elementor-top-column elementor-element elementor-element-1c9bca12\" data-id=\"1c9bca12\" data-element_type=\"column\" data-e-type=\"column\" data-settings=\"{&quot;background_background&quot;:&quot;classic&quot;,&quot;animation&quot;:&quot;none&quot;,&quot;animation_delay&quot;:500}\">\n\t\t\t<div class=\"elementor-widget-wrap elementor-element-populated\">\n\t\t\t\t\t\t<div class=\"elementor-element elementor-element-74dd2904 animated-fast elementor-widget elementor-widget-image\" data-id=\"74dd2904\" data-element_type=\"widget\" data-e-type=\"widget\" data-settings=\"{&quot;_animation&quot;:&quot;none&quot;,&quot;_animation_tablet&quot;:&quot;none&quot;,&quot;_animation_mobile&quot;:&quot;none&quot;,&quot;motion_fx_motion_fx_scrolling&quot;:&quot;yes&quot;,&quot;motion_fx_scale_effect&quot;:&quot;yes&quot;,&quot;motion_fx_scale_speed&quot;:{&quot;unit&quot;:&quot;px&quot;,&quot;size&quot;:1,&quot;sizes&quot;:[]},&quot;motion_fx_scale_range&quot;:{&quot;unit&quot;:&quot;%&quot;,&quot;size&quot;:&quot;&quot;,&quot;sizes&quot;:{&quot;start&quot;:0,&quot;end&quot;:100}},&quot;motion_fx_devices&quot;:[&quot;desktop&quot;],&quot;motion_fx_scale_direction&quot;:&quot;out-in&quot;}\" data-widget_type=\"image.default\">\n\t\t\t\t<div class=\"elementor-widget-container\">\n\t\t\t\t\t\t\t\t\t<div class=\"elementor-image\">\n\t\t\t\t\t\t\t\t\t\t\t\t\t\t\t\t\t\t\t\t\t<img fetchpriority=\"high\" decoding=\"async\" width=\"300\" height=\"187\" src=\"https:\/\/www.icnova.fcsh.unl.pt\/wp-content\/uploads\/2022\/09\/joel-hasse-300x187-1-1.jpeg\" class=\"attachment-full size-full wp-image-990566\" alt=\"\" \/>\t\t\t\t\t\t\t\t\t\t\t\t\t\t\t\t\t\t\t\t\t\t\t\t<\/div>\n\t\t\t\t\t\t\t\t<\/div>\n\t\t\t\t<\/div>\n\t\t\t\t\t<\/div>\n\t\t<\/div>\n\t\t\t\t<div class=\"elementor-column elementor-col-66 elementor-top-column elementor-element elementor-element-7c1644b8\" data-id=\"7c1644b8\" data-element_type=\"column\" data-e-type=\"column\">\n\t\t\t<div class=\"elementor-widget-wrap elementor-element-populated\">\n\t\t\t\t\t\t<div class=\"elementor-element elementor-element-5cbddf79 elementor-widget elementor-widget-heading\" data-id=\"5cbddf79\" data-element_type=\"widget\" data-e-type=\"widget\" data-settings=\"{&quot;_animation&quot;:&quot;none&quot;,&quot;_animation_delay&quot;:100,&quot;_animation_tablet&quot;:&quot;none&quot;,&quot;_animation_mobile&quot;:&quot;none&quot;}\" data-widget_type=\"heading.default\">\n\t\t\t\t<div class=\"elementor-widget-container\">\n\t\t\t\t\t<h3 class=\"elementor-heading-title elementor-size-default\">Joel Hasse Ferreira\u200b<\/h3>\t\t\t\t<\/div>\n\t\t\t\t<\/div>\n\t\t\t\t<div class=\"elementor-element elementor-element-2830dd77 elementor-widget elementor-widget-text-editor\" data-id=\"2830dd77\" data-element_type=\"widget\" data-e-type=\"widget\" data-settings=\"{&quot;_animation&quot;:&quot;none&quot;,&quot;_animation_delay&quot;:200,&quot;_animation_tablet&quot;:&quot;none&quot;,&quot;_animation_mobile&quot;:&quot;none&quot;}\" data-widget_type=\"text-editor.default\">\n\t\t\t\t<div class=\"elementor-widget-container\">\n\t\t\t\t\t\t\t\t\t<p>(1944 \u2013 2022)<\/p>\t\t\t\t\t\t\t\t<\/div>\n\t\t\t\t<\/div>\n\t\t\t\t<div class=\"elementor-element elementor-element-4e1ecbae elementor-widget elementor-widget-text-editor\" data-id=\"4e1ecbae\" data-element_type=\"widget\" data-e-type=\"widget\" data-settings=\"{&quot;_animation&quot;:&quot;none&quot;,&quot;_animation_delay&quot;:200,&quot;_animation_tablet&quot;:&quot;none&quot;,&quot;_animation_mobile&quot;:&quot;none&quot;}\" data-widget_type=\"text-editor.default\">\n\t\t\t\t<div class=\"elementor-widget-container\">\n\t\t\t\t\t\t\t\t\t<p>Antigo professor do Departamento de Ci\u00eancias da Comunica\u00e7\u00e3o da NOVA FCSH, Joel Hasse Ferreira faleceu em Lisboa a 18 de mar\u00e7o de 2022, com 77 anos.<\/p>\t\t\t\t\t\t\t\t<\/div>\n\t\t\t\t<\/div>\n\t\t\t\t\t<\/div>\n\t\t<\/div>\n\t\t\t\t\t<\/div>\n\t\t<\/section>\n\t\t\t\t<section class=\"elementor-section elementor-top-section elementor-element elementor-element-6b70cce elementor-section-boxed elementor-section-height-default elementor-section-height-default\" data-id=\"6b70cce\" data-element_type=\"section\" data-e-type=\"section\">\n\t\t\t\t\t\t<div class=\"elementor-container elementor-column-gap-default\">\n\t\t\t\t\t<div class=\"elementor-column elementor-col-33 elementor-top-column elementor-element elementor-element-7ea08e0\" data-id=\"7ea08e0\" data-element_type=\"column\" data-e-type=\"column\">\n\t\t\t<div class=\"elementor-widget-wrap\">\n\t\t\t\t\t\t\t<\/div>\n\t\t<\/div>\n\t\t\t\t<div class=\"elementor-column elementor-col-33 elementor-top-column elementor-element elementor-element-7766f2c\" data-id=\"7766f2c\" data-element_type=\"column\" data-e-type=\"column\">\n\t\t\t<div class=\"elementor-widget-wrap elementor-element-populated\">\n\t\t\t\t\t\t<div class=\"elementor-element elementor-element-2bf16a4 elementor-widget elementor-widget-text-editor\" data-id=\"2bf16a4\" data-element_type=\"widget\" data-e-type=\"widget\" data-widget_type=\"text-editor.default\">\n\t\t\t\t<div class=\"elementor-widget-container\">\n\t\t\t\t\t\t\t\t\t<p>Nascido a 13 de julho de 1944, Joel Eduardo Neves Hasse Ferreira, de seu nome completo, era licenciado em Engenharia Civil pelo IST da Universidade T\u00e9cnica de Lisboa e doutorado em Ci\u00eancias de Gest\u00e3o pela Universidade Lyon III.<\/p>\n<p>Enquanto professor exerceu doc\u00eancia ao longo de v\u00e1rias d\u00e9cadas, nomeadamente nas \u00e1reas da Comunica\u00e7\u00e3o Estrat\u00e9gica e Comunica\u00e7\u00e3o Empresarial em v\u00e1rias institui\u00e7\u00f5es de ensino superior, p\u00fablicas e privadas. Foi tamb\u00e9m docente nas \u00e1reas da Economia, da Gest\u00e3o e do Marketing bem como na \u00e1rea dos Estudos Europeus e da Ci\u00eancia Pol\u00edtica.<\/p>\n<p>Como professor auxiliar convidado do Departamento de Ci\u00eancias da Comunica\u00e7\u00e3o da FCSH da Universidade Nova de Lisboa, lecionou v\u00e1rias unidades curriculares e coordenou a \u00e1rea da Comunica\u00e7\u00e3o Estrat\u00e9gica. Teve, ali\u00e1s, um papel essencial no desenvolvimento e consolida\u00e7\u00e3o desta \u00e1rea de especializa\u00e7\u00e3o.<\/p>\n<p>Na NOVA FCSH integrou o Centro de Estudos de Comunica\u00e7\u00e3o e Linguagens (CECL), pioneiro em Portugal e um dos centros que viria a dar origem ao ICNOVA. No CECL, participou em estudos relevantes, de que se destaca \u201cDelimita\u00e7\u00e3o e Perspetivas do Audiovisual e das Telecomunica\u00e7\u00f5es em Portugal\u201d, coordenado por Manuel Jos\u00e9 Lopes da Silva e financiado pela Junta Nacional de Investiga\u00e7\u00e3o Cient\u00edfica e Tecnol\u00f3gica (1990). Foi ainda membro da RCL, Revista de Comunica\u00e7\u00e3o e Linguagens, desse centro.<\/p>\n<p>Integrou ainda, nos anos 90, o Conselho Cient\u00edfico e Pedag\u00f3gico do Master em Gest\u00e3o de Imagem, organizado pela Universidade Complutense de Madrid e pelo Grupo GCI Comunica\u00e7\u00e3o, que contava com a participa\u00e7\u00e3o do Departamento de Ci\u00eancias da Comunica\u00e7\u00e3o da NOVA FCSH. Colaborou nessa parceria atrav\u00e9s do N\u00facleo de Presta\u00e7\u00e3o de Servi\u00e7os \u00e0 Comunidade, que muito dinamizou.<\/p>\n<p>Na sua atividade pol\u00edtica, Joel Hasse Ferreira come\u00e7ou por ser deputado eleito pela UEDS (Uni\u00e3o da Esquerda para a Democracia Socialista), na III legislatura. Eleito deputado pelo PS, na VI, VII, VIII e IX legislaturas, foi depois eleito para o Parlamento Europeu.<\/p>\n<p>O seu livro\u00a0<em>Uni\u00e3o Europeia \u2013 Hoje e o Futuro<\/em>\u00a0(Editora S\u00edlabo, 2012) perspetiva o futuro da Uni\u00e3o Europeia, aborda processos de decis\u00e3o e foca aspetos essenciais que dificultam ou potenciam a constru\u00e7\u00e3o europeia, enquadrando o papel de diferentes estruturas e for\u00e7as pol\u00edticas, econ\u00f3micas e sociais na Europa atual.<\/p>\n<p>Com uma intensa vida p\u00fablica e c\u00edvica para al\u00e9m das paredes da universidade, Joel Hasse Ferreira ser\u00e1 sempre recordado pelos seus colegas do Departamento de Ci\u00eancias da Comunica\u00e7\u00e3o pela sua bonomia, disponibilidade para pensar em conjunto, leitura sagaz de tend\u00eancias e vontade de fazer acontecer aquilo que parecia distante.<\/p>\t\t\t\t\t\t\t\t<\/div>\n\t\t\t\t<\/div>\n\t\t\t\t\t<\/div>\n\t\t<\/div>\n\t\t\t\t<div class=\"elementor-column elementor-col-33 elementor-top-column elementor-element elementor-element-9858a45\" data-id=\"9858a45\" data-element_type=\"column\" data-e-type=\"column\">\n\t\t\t<div class=\"elementor-widget-wrap\">\n\t\t\t\t\t\t\t<\/div>\n\t\t<\/div>\n\t\t\t\t\t<\/div>\n\t\t<\/section>\n\t\t\t\t<\/div>\n\t\t","protected":false},"excerpt":{"rendered":"<p>Joel Hasse Ferreira\u200b (1944 \u2013 2022) Antigo professor do Departamento de Ci\u00eancias da Comunica\u00e7\u00e3o da NOVA FCSH, Joel Hasse Ferreira faleceu em Lisboa a 18 de mar\u00e7o de 2022, com 77 anos. Nascido a 13 de julho de 1944, Joel Eduardo Neves Hasse Ferreira, de seu nome completo, era licenciado em Engenharia Civil pelo IST&#8230;<\/p>\n","protected":false},"author":3,"featured_media":0,"parent":990272,"menu_order":0,"comment_status":"closed","ping_status":"closed","template":"","meta":{"footnotes":""},"class_list":["post-989655","page","type-page","status-publish","hentry"],"acf":[],"yoast_head":"<!-- This site is optimized with the Yoast SEO plugin v23.2 - https:\/\/yoast.com\/wordpress\/plugins\/seo\/ -->\n<title>In Memoriam - Joel Hasse Ferreira - ICNOVA<\/title>\n<meta name=\"robots\" content=\"index, follow, max-snippet:-1, max-image-preview:large, max-video-preview:-1\" \/>\n<link rel=\"canonical\" href=\"https:\/\/icnova.staging.widgilabs-sites.com\/in-memoriam\/joel-hasse-ferreira\/\" \/>\n<meta property=\"og:locale\" content=\"en_US\" \/>\n<meta property=\"og:type\" content=\"article\" \/>\n<meta property=\"og:title\" content=\"In Memoriam - Joel Hasse Ferreira - ICNOVA\" \/>\n<meta property=\"og:description\" content=\"Joel Hasse Ferreira\u200b (1944 \u2013 2022) Antigo professor do Departamento de Ci\u00eancias da Comunica\u00e7\u00e3o da NOVA FCSH, Joel Hasse Ferreira faleceu em Lisboa a 18 de mar\u00e7o de 2022, com 77 anos. Nascido a 13 de julho de 1944, Joel Eduardo Neves Hasse Ferreira, de seu nome completo, era licenciado em Engenharia Civil pelo IST...\" \/>\n<meta property=\"og:url\" content=\"https:\/\/icnova.staging.widgilabs-sites.com\/in-memoriam\/joel-hasse-ferreira\/\" \/>\n<meta property=\"og:site_name\" content=\"ICNOVA\" \/>\n<meta property=\"article:modified_time\" content=\"2023-05-19T14:39:13+00:00\" \/>\n<meta property=\"og:image\" content=\"https:\/\/icnova.staging.widgilabs-sites.com\/wp-content\/uploads\/2022\/09\/joel-hasse-300x187-1-1.jpeg\" \/>\n<meta name=\"twitter:card\" content=\"summary_large_image\" \/>\n<meta name=\"twitter:label1\" content=\"Est. reading time\" \/>\n\t<meta name=\"twitter:data1\" content=\"3 minutes\" \/>\n<script type=\"application\/ld+json\" class=\"yoast-schema-graph\">{\"@context\":\"https:\/\/schema.org\",\"@graph\":[{\"@type\":\"WebPage\",\"@id\":\"https:\/\/icnova.staging.widgilabs-sites.com\/in-memoriam\/joel-hasse-ferreira\/\",\"url\":\"https:\/\/icnova.staging.widgilabs-sites.com\/in-memoriam\/joel-hasse-ferreira\/\",\"name\":\"In Memoriam - Joel Hasse Ferreira - ICNOVA\",\"isPartOf\":{\"@id\":\"https:\/\/icnova.staging.widgilabs-sites.com\/#website\"},\"primaryImageOfPage\":{\"@id\":\"https:\/\/icnova.staging.widgilabs-sites.com\/in-memoriam\/joel-hasse-ferreira\/#primaryimage\"},\"image\":{\"@id\":\"https:\/\/icnova.staging.widgilabs-sites.com\/in-memoriam\/joel-hasse-ferreira\/#primaryimage\"},\"thumbnailUrl\":\"https:\/\/www.icnova.fcsh.unl.pt\/wp-content\/uploads\/2022\/09\/joel-hasse-300x187-1-1.jpeg\",\"datePublished\":\"2022-08-17T10:25:06+00:00\",\"dateModified\":\"2023-05-19T14:39:13+00:00\",\"breadcrumb\":{\"@id\":\"https:\/\/icnova.staging.widgilabs-sites.com\/in-memoriam\/joel-hasse-ferreira\/#breadcrumb\"},\"inLanguage\":\"en-US\",\"potentialAction\":[{\"@type\":\"ReadAction\",\"target\":[\"https:\/\/icnova.staging.widgilabs-sites.com\/in-memoriam\/joel-hasse-ferreira\/\"]}]},{\"@type\":\"ImageObject\",\"inLanguage\":\"en-US\",\"@id\":\"https:\/\/icnova.staging.widgilabs-sites.com\/in-memoriam\/joel-hasse-ferreira\/#primaryimage\",\"url\":\"https:\/\/www.icnova.fcsh.unl.pt\/wp-content\/uploads\/2022\/09\/joel-hasse-300x187-1-1.jpeg\",\"contentUrl\":\"https:\/\/www.icnova.fcsh.unl.pt\/wp-content\/uploads\/2022\/09\/joel-hasse-300x187-1-1.jpeg\"},{\"@type\":\"BreadcrumbList\",\"@id\":\"https:\/\/icnova.staging.widgilabs-sites.com\/in-memoriam\/joel-hasse-ferreira\/#breadcrumb\",\"itemListElement\":[{\"@type\":\"ListItem\",\"position\":1,\"name\":\"Home\",\"item\":\"https:\/\/www.icnova.fcsh.unl.pt\/en\/home\/\"},{\"@type\":\"ListItem\",\"position\":2,\"name\":\"In Memoriam\",\"item\":\"https:\/\/icnova.staging.widgilabs-sites.com\/in-memoriam\/\"},{\"@type\":\"ListItem\",\"position\":3,\"name\":\"In Memoriam &#8211; Joel Hasse Ferreira\"}]},{\"@type\":\"WebSite\",\"@id\":\"https:\/\/icnova.staging.widgilabs-sites.com\/#website\",\"url\":\"https:\/\/icnova.staging.widgilabs-sites.com\/\",\"name\":\"ICNOVA\",\"description\":\"INSTITUTO DE COMUNICA\u00c7\u00c3O DA NOVA\",\"publisher\":{\"@id\":\"https:\/\/icnova.staging.widgilabs-sites.com\/#organization\"},\"potentialAction\":[{\"@type\":\"SearchAction\",\"target\":{\"@type\":\"EntryPoint\",\"urlTemplate\":\"https:\/\/icnova.staging.widgilabs-sites.com\/?s={search_term_string}\"},\"query-input\":\"required name=search_term_string\"}],\"inLanguage\":\"en-US\"},{\"@type\":\"Organization\",\"@id\":\"https:\/\/icnova.staging.widgilabs-sites.com\/#organization\",\"name\":\"ICNOVA\",\"url\":\"https:\/\/icnova.staging.widgilabs-sites.com\/\",\"logo\":{\"@type\":\"ImageObject\",\"inLanguage\":\"en-US\",\"@id\":\"https:\/\/icnova.staging.widgilabs-sites.com\/#\/schema\/logo\/image\/\",\"url\":\"https:\/\/www.icnova.fcsh.unl.pt\/wp-content\/uploads\/2020\/02\/logo2.png\",\"contentUrl\":\"https:\/\/www.icnova.fcsh.unl.pt\/wp-content\/uploads\/2020\/02\/logo2.png\",\"width\":730,\"height\":209,\"caption\":\"ICNOVA\"},\"image\":{\"@id\":\"https:\/\/icnova.staging.widgilabs-sites.com\/#\/schema\/logo\/image\/\"}}]}<\/script>\n<!-- \/ Yoast SEO plugin. -->","yoast_head_json":{"title":"In Memoriam - Joel Hasse Ferreira - ICNOVA","robots":{"index":"index","follow":"follow","max-snippet":"max-snippet:-1","max-image-preview":"max-image-preview:large","max-video-preview":"max-video-preview:-1"},"canonical":"https:\/\/icnova.staging.widgilabs-sites.com\/in-memoriam\/joel-hasse-ferreira\/","og_locale":"en_US","og_type":"article","og_title":"In Memoriam - Joel Hasse Ferreira - ICNOVA","og_description":"Joel Hasse Ferreira\u200b (1944 \u2013 2022) Antigo professor do Departamento de Ci\u00eancias da Comunica\u00e7\u00e3o da NOVA FCSH, Joel Hasse Ferreira faleceu em Lisboa a 18 de mar\u00e7o de 2022, com 77 anos. Nascido a 13 de julho de 1944, Joel Eduardo Neves Hasse Ferreira, de seu nome completo, era licenciado em Engenharia Civil pelo IST...","og_url":"https:\/\/icnova.staging.widgilabs-sites.com\/in-memoriam\/joel-hasse-ferreira\/","og_site_name":"ICNOVA","article_modified_time":"2023-05-19T14:39:13+00:00","og_image":[{"url":"https:\/\/icnova.staging.widgilabs-sites.com\/wp-content\/uploads\/2022\/09\/joel-hasse-300x187-1-1.jpeg"}],"twitter_card":"summary_large_image","twitter_misc":{"Est. reading time":"3 minutes"},"schema":{"@context":"https:\/\/schema.org","@graph":[{"@type":"WebPage","@id":"https:\/\/icnova.staging.widgilabs-sites.com\/in-memoriam\/joel-hasse-ferreira\/","url":"https:\/\/icnova.staging.widgilabs-sites.com\/in-memoriam\/joel-hasse-ferreira\/","name":"In Memoriam - Joel Hasse Ferreira - ICNOVA","isPartOf":{"@id":"https:\/\/icnova.staging.widgilabs-sites.com\/#website"},"primaryImageOfPage":{"@id":"https:\/\/icnova.staging.widgilabs-sites.com\/in-memoriam\/joel-hasse-ferreira\/#primaryimage"},"image":{"@id":"https:\/\/icnova.staging.widgilabs-sites.com\/in-memoriam\/joel-hasse-ferreira\/#primaryimage"},"thumbnailUrl":"https:\/\/www.icnova.fcsh.unl.pt\/wp-content\/uploads\/2022\/09\/joel-hasse-300x187-1-1.jpeg","datePublished":"2022-08-17T10:25:06+00:00","dateModified":"2023-05-19T14:39:13+00:00","breadcrumb":{"@id":"https:\/\/icnova.staging.widgilabs-sites.com\/in-memoriam\/joel-hasse-ferreira\/#breadcrumb"},"inLanguage":"en-US","potentialAction":[{"@type":"ReadAction","target":["https:\/\/icnova.staging.widgilabs-sites.com\/in-memoriam\/joel-hasse-ferreira\/"]}]},{"@type":"ImageObject","inLanguage":"en-US","@id":"https:\/\/icnova.staging.widgilabs-sites.com\/in-memoriam\/joel-hasse-ferreira\/#primaryimage","url":"https:\/\/www.icnova.fcsh.unl.pt\/wp-content\/uploads\/2022\/09\/joel-hasse-300x187-1-1.jpeg","contentUrl":"https:\/\/www.icnova.fcsh.unl.pt\/wp-content\/uploads\/2022\/09\/joel-hasse-300x187-1-1.jpeg"},{"@type":"BreadcrumbList","@id":"https:\/\/icnova.staging.widgilabs-sites.com\/in-memoriam\/joel-hasse-ferreira\/#breadcrumb","itemListElement":[{"@type":"ListItem","position":1,"name":"Home","item":"https:\/\/www.icnova.fcsh.unl.pt\/en\/home\/"},{"@type":"ListItem","position":2,"name":"In Memoriam","item":"https:\/\/icnova.staging.widgilabs-sites.com\/in-memoriam\/"},{"@type":"ListItem","position":3,"name":"In Memoriam &#8211; Joel Hasse Ferreira"}]},{"@type":"WebSite","@id":"https:\/\/icnova.staging.widgilabs-sites.com\/#website","url":"https:\/\/icnova.staging.widgilabs-sites.com\/","name":"ICNOVA","description":"INSTITUTO DE COMUNICA\u00c7\u00c3O DA NOVA","publisher":{"@id":"https:\/\/icnova.staging.widgilabs-sites.com\/#organization"},"potentialAction":[{"@type":"SearchAction","target":{"@type":"EntryPoint","urlTemplate":"https:\/\/icnova.staging.widgilabs-sites.com\/?s={search_term_string}"},"query-input":"required name=search_term_string"}],"inLanguage":"en-US"},{"@type":"Organization","@id":"https:\/\/icnova.staging.widgilabs-sites.com\/#organization","name":"ICNOVA","url":"https:\/\/icnova.staging.widgilabs-sites.com\/","logo":{"@type":"ImageObject","inLanguage":"en-US","@id":"https:\/\/icnova.staging.widgilabs-sites.com\/#\/schema\/logo\/image\/","url":"https:\/\/www.icnova.fcsh.unl.pt\/wp-content\/uploads\/2020\/02\/logo2.png","contentUrl":"https:\/\/www.icnova.fcsh.unl.pt\/wp-content\/uploads\/2020\/02\/logo2.png","width":730,"height":209,"caption":"ICNOVA"},"image":{"@id":"https:\/\/icnova.staging.widgilabs-sites.com\/#\/schema\/logo\/image\/"}}]}},"_links":{"self":[{"href":"https:\/\/www.icnova.fcsh.unl.pt\/en\/wp-json\/wp\/v2\/pages\/989655"}],"collection":[{"href":"https:\/\/www.icnova.fcsh.unl.pt\/en\/wp-json\/wp\/v2\/pages"}],"about":[{"href":"https:\/\/www.icnova.fcsh.unl.pt\/en\/wp-json\/wp\/v2\/types\/page"}],"author":[{"embeddable":true,"href":"https:\/\/www.icnova.fcsh.unl.pt\/en\/wp-json\/wp\/v2\/users\/3"}],"replies":[{"embeddable":true,"href":"https:\/\/www.icnova.fcsh.unl.pt\/en\/wp-json\/wp\/v2\/comments?post=989655"}],"version-history":[{"count":27,"href":"https:\/\/www.icnova.fcsh.unl.pt\/en\/wp-json\/wp\/v2\/pages\/989655\/revisions"}],"predecessor-version":[{"id":995375,"href":"https:\/\/www.icnova.fcsh.unl.pt\/en\/wp-json\/wp\/v2\/pages\/989655\/revisions\/995375"}],"up":[{"embeddable":true,"href":"https:\/\/www.icnova.fcsh.unl.pt\/en\/wp-json\/wp\/v2\/pages\/990272"}],"wp:attachment":[{"href":"https:\/\/www.icnova.fcsh.unl.pt\/en\/wp-json\/wp\/v2\/media?parent=989655"}],"curies":[{"name":"wp","href":"https:\/\/api.w.org\/{rel}","templated":true}]}}