{"id":989673,"date":"2022-08-17T11:10:55","date_gmt":"2022-08-17T11:10:55","guid":{"rendered":"https:\/\/icnova.staging.widgilabs-sites.com\/?page_id=989673"},"modified":"2023-05-19T14:52:00","modified_gmt":"2023-05-19T14:52:00","slug":"jose-augusto-mourao-1947-2011","status":"publish","type":"page","link":"https:\/\/www.icnova.fcsh.unl.pt\/en\/in-memoriam\/jose-augusto-mourao-1947-2011\/","title":{"rendered":"In Memoriam &#8211; Jos\u00e9 Augusto Mour\u00e3o (1947 \u2013 2011)"},"content":{"rendered":"\t\t<div data-elementor-type=\"wp-page\" data-elementor-id=\"989673\" class=\"elementor elementor-989673\" data-elementor-post-type=\"page\">\n\t\t\t\t\t\t<section class=\"elementor-section elementor-top-section elementor-element elementor-element-c2b0d20 elementor-section-boxed elementor-section-height-default elementor-section-height-default\" data-id=\"c2b0d20\" data-element_type=\"section\" data-e-type=\"section\">\n\t\t\t\t\t\t<div class=\"elementor-container elementor-column-gap-default\">\n\t\t\t\t\t<div class=\"elementor-column elementor-col-33 elementor-top-column elementor-element elementor-element-59e3d98\" data-id=\"59e3d98\" data-element_type=\"column\" data-e-type=\"column\" data-settings=\"{&quot;background_background&quot;:&quot;classic&quot;,&quot;animation&quot;:&quot;none&quot;,&quot;animation_delay&quot;:500}\">\n\t\t\t<div class=\"elementor-widget-wrap elementor-element-populated\">\n\t\t\t\t\t\t<div class=\"elementor-element elementor-element-cd439ca animated-fast elementor-widget elementor-widget-image\" data-id=\"cd439ca\" data-element_type=\"widget\" data-e-type=\"widget\" data-settings=\"{&quot;_animation&quot;:&quot;none&quot;,&quot;_animation_tablet&quot;:&quot;none&quot;,&quot;_animation_mobile&quot;:&quot;none&quot;,&quot;motion_fx_motion_fx_scrolling&quot;:&quot;yes&quot;,&quot;motion_fx_scale_effect&quot;:&quot;yes&quot;,&quot;motion_fx_scale_speed&quot;:{&quot;unit&quot;:&quot;px&quot;,&quot;size&quot;:1,&quot;sizes&quot;:[]},&quot;motion_fx_scale_range&quot;:{&quot;unit&quot;:&quot;%&quot;,&quot;size&quot;:&quot;&quot;,&quot;sizes&quot;:{&quot;start&quot;:0,&quot;end&quot;:100}},&quot;motion_fx_devices&quot;:[&quot;desktop&quot;],&quot;motion_fx_scale_direction&quot;:&quot;out-in&quot;}\" data-widget_type=\"image.default\">\n\t\t\t\t<div class=\"elementor-widget-container\">\n\t\t\t\t\t\t\t\t\t<div class=\"elementor-image\">\n\t\t\t\t\t\t\t\t\t\t\t\t\t\t\t\t\t\t\t\t\t<img fetchpriority=\"high\" decoding=\"async\" width=\"300\" height=\"169\" src=\"https:\/\/www.icnova.fcsh.unl.pt\/wp-content\/uploads\/2022\/09\/jose_augusto_mourao-400x225-1-300x169-1.jpeg\" class=\"attachment-full size-full wp-image-990283\" alt=\"\" \/>\t\t\t\t\t\t\t\t\t\t\t\t\t\t\t\t\t\t\t\t\t\t\t\t<\/div>\n\t\t\t\t\t\t\t\t<\/div>\n\t\t\t\t<\/div>\n\t\t\t\t\t<\/div>\n\t\t<\/div>\n\t\t\t\t<div class=\"elementor-column elementor-col-66 elementor-top-column elementor-element elementor-element-115dd90\" data-id=\"115dd90\" data-element_type=\"column\" data-e-type=\"column\">\n\t\t\t<div class=\"elementor-widget-wrap elementor-element-populated\">\n\t\t\t\t\t\t<div class=\"elementor-element elementor-element-6705f77 elementor-widget elementor-widget-heading\" data-id=\"6705f77\" data-element_type=\"widget\" data-e-type=\"widget\" data-settings=\"{&quot;_animation&quot;:&quot;none&quot;,&quot;_animation_delay&quot;:100,&quot;_animation_tablet&quot;:&quot;none&quot;,&quot;_animation_mobile&quot;:&quot;none&quot;}\" data-widget_type=\"heading.default\">\n\t\t\t\t<div class=\"elementor-widget-container\">\n\t\t\t\t\t<h3 class=\"elementor-heading-title elementor-size-default\">Jos\u00e9 Augusto Mour\u00e3o<\/h3>\t\t\t\t<\/div>\n\t\t\t\t<\/div>\n\t\t\t\t<div class=\"elementor-element elementor-element-ec55f33 elementor-widget elementor-widget-text-editor\" data-id=\"ec55f33\" data-element_type=\"widget\" data-e-type=\"widget\" data-settings=\"{&quot;_animation&quot;:&quot;none&quot;,&quot;_animation_delay&quot;:200,&quot;_animation_tablet&quot;:&quot;none&quot;,&quot;_animation_mobile&quot;:&quot;none&quot;}\" data-widget_type=\"text-editor.default\">\n\t\t\t\t<div class=\"elementor-widget-container\">\n\t\t\t\t\t\t\t\t\t<p>(1947 \u2013 2011)<\/p>\t\t\t\t\t\t\t\t<\/div>\n\t\t\t\t<\/div>\n\t\t\t\t<div class=\"elementor-element elementor-element-20f8b15 elementor-widget elementor-widget-text-editor\" data-id=\"20f8b15\" data-element_type=\"widget\" data-e-type=\"widget\" data-settings=\"{&quot;_animation&quot;:&quot;none&quot;,&quot;_animation_delay&quot;:200,&quot;_animation_tablet&quot;:&quot;none&quot;,&quot;_animation_mobile&quot;:&quot;none&quot;}\" data-widget_type=\"text-editor.default\">\n\t\t\t\t<div class=\"elementor-widget-container\">\n\t\t\t\t\t\t\t\t\t<p>Por altura da morte de Jos\u00e9 Augusto Mour\u00e3o, J. Tolentino Mendon\u00e7a escreveu um pequeno texto que intitulou \u201cO vazio verde\u201d, com o qual iniciamos esta nota In Memoriam:<\/p>\t\t\t\t\t\t\t\t<\/div>\n\t\t\t\t<\/div>\n\t\t\t\t\t<\/div>\n\t\t<\/div>\n\t\t\t\t\t<\/div>\n\t\t<\/section>\n\t\t\t\t<section class=\"elementor-section elementor-top-section elementor-element elementor-element-04071c4 elementor-section-boxed elementor-section-height-default elementor-section-height-default\" data-id=\"04071c4\" data-element_type=\"section\" data-e-type=\"section\">\n\t\t\t\t\t\t<div class=\"elementor-container elementor-column-gap-default\">\n\t\t\t\t\t<div class=\"elementor-column elementor-col-33 elementor-top-column elementor-element elementor-element-edf463d\" data-id=\"edf463d\" data-element_type=\"column\" data-e-type=\"column\">\n\t\t\t<div class=\"elementor-widget-wrap\">\n\t\t\t\t\t\t\t<\/div>\n\t\t<\/div>\n\t\t\t\t<div class=\"elementor-column elementor-col-33 elementor-top-column elementor-element elementor-element-1f6d11e\" data-id=\"1f6d11e\" data-element_type=\"column\" data-e-type=\"column\">\n\t\t\t<div class=\"elementor-widget-wrap elementor-element-populated\">\n\t\t\t\t\t\t<div class=\"elementor-element elementor-element-bc06389 elementor-widget elementor-widget-text-editor\" data-id=\"bc06389\" data-element_type=\"widget\" data-e-type=\"widget\" data-widget_type=\"text-editor.default\">\n\t\t\t\t<div class=\"elementor-widget-container\">\n\t\t\t\t\t\t\t\t\t<div class=\"post-content\">\n<div class=\"fusion-fullwidth fullwidth-box nonhundred-percent-fullwidth non-hundred-percent-height-scrolling\">\n<div class=\"fusion-builder-row fusion-row \">\n<div class=\"fusion-layout-column fusion_builder_column fusion_builder_column_1_1 fusion-one-full fusion-column-first fusion-column-last 1_1\">\n<div class=\"fusion-column-wrapper\">\n<div class=\"fusion-text\">\n<p>\u201cUm dia, quando se fizer a hist\u00f3ria do catolicismo portugu\u00eas que nos \u00e9 agora contempor\u00e2neo, h\u00e1-de ver-se, em toda a clareza, que um dos seus actores magistrais foi, afinal, um frade e poeta, quase clandestino, que morreu esta manh\u00e3 em Lisboa. Chamava-se Jos\u00e9 Augusto Mour\u00e3o, e pertencia \u00e0 Ordem dos Dominicanos. Nasceu em Vila Real em 1947, e construiu uma inscri\u00e7\u00e3o absolutamente invulgar na universidade e na cultura portuguesas. Foi professor no Universidade Nova de Lisboa, especializando-se no campo da semi\u00f3tica, e prestando uma continua aten\u00e7\u00e3o a express\u00f5es de vanguarda que transformam os pr\u00f3prios dispositivos da cria\u00e7\u00e3o (por exemplo, as muta\u00e7\u00f5es da literatura na \u00e9poca de cibern\u00e9tica ou as diversas formas de hipertextualidade ou de hiperfic\u00e7\u00e3o que a nossa alta modernidade tem gerado). A\u00ed deixa uma obra que, sob muitos aspectos, se pode considerar seminal e prof\u00e9tica.<\/p>\n<p>\u201cMas ele transportou tamb\u00e9m o mesmo esp\u00edrito de profecia para aquela que \u00e9 o opera magna da sua exist\u00eancia: a impressionante ponte (apetece escrever a \u201cimposs\u00edvel ponte\u201d) que ele, quase marginalmente, desenha entre o campo da f\u00e9 e o da raz\u00e3o, entre a liturgia e a po\u00e9tica, entre a regra e o desejo. Por alguma raz\u00e3o, ele nunca foi um criador confort\u00e1vel, nem para o campo cat\u00f3lico, nem para os par\u00e2metros da cultura dominante. Os ouvidos crentes s\u00f3 a custo se abriam, porque ele operava com uma gram\u00e1tica inusual e exigente, buscava met\u00e1foras vivas, que \u00e9 como quem diz, novas met\u00e1foras. Do mesmo modo, ele nunca obteve a visibilidade que certamente merece da parte da cultura.<\/p>\n<p>\u201cA sua poesia \u00e9, por exemplo, lit\u00fargica, coisa que, em Portugal, \u00e9 imediatamente catalogada de g\u00e9nero menor. E alguns dos seus textos mais fundamentais s\u00e3o homilias: ora, as \u00faltimas homilias que a cultura portuguesa ouviu foram os do Padre Ant\u00f3nio Vieira! Talvez um dia se reconhece a originalidade e o marco deste homem e se possa ent\u00e3o valorizar o que ele hoje nos deixa em heran\u00e7a. Para j\u00e1 sentimos o grande vazio que a sua morte representa, que, como aponta o t\u00edtulo do seu primeiro livro de poemas, somos desafiados a viver como um \u201cVazio Verde\u201d.\u201d<\/p>\n<p>Este belo apontamento fala por si, e pouco mais podemos dizer para al\u00e9m das palavras de Tolentino Mendon\u00e7a. Acrescentaremos apenas alguma notas curriculares.<\/p>\n<p>Jos\u00e9 Augusto Mour\u00e3o foi Professor Associado com Agrega\u00e7\u00e3o da Faculdade de Ci\u00eancias Sociais e Humanas da Universidade Nova de Lisboa. Foi tamb\u00e9m investigador do CECL \u2013 Centro de Estudos de Comunica\u00e7\u00e3o e Linguagens a ainda membro da dire\u00e7\u00e3o da RCL \u2013 Revista de Comunica\u00e7\u00e3o e Linguagens. Na universidade regeu, designadamente, as cadeiras de Semi\u00f3tica, E-textualidades, e Hiperfic\u00e7\u00e3o e Cultura no Departamento de Ci\u00eancias da Comunica\u00e7\u00e3o, tendo sido professor nos tr\u00eas ciclos de estudos. Foi ainda membro do Comit\u00e9 executivo da Associa\u00e7\u00e3o Internacional de Estudos Semi\u00f3ticos (desde 1999).<\/p>\n<p>Mas o professor Jos\u00e9 Augusto Mour\u00e3o tinha tamb\u00e9m essa outra dimens\u00e3o de enorme relev\u00e2ncia enquadrada na sua atividade de Dominicano. Nessa qualidade, foi Presidente do Instituto S. Tom\u00e1s de Aquino, Membro da Comiss\u00e3o Permanente para a Promo\u00e7\u00e3o dos Estudos na Ordem dos Pregadores (desde 2007) e membro do Secretariado Nacional da Pastoral da Cultura (2010).<\/p>\n<p>No cruzamento entre ambas as atividades o professor Jos\u00e9 Augusto Mour\u00e3o escreveu poesia, fez tradu\u00e7\u00e3o e publicou diversos livros, sobretudo no \u00e2mbito da sua atividade acad\u00e9mica.<\/p>\n<p>p\u00e1gina dedicada a Jos\u00e9 Augusto Mour\u00e3o:\u00a0<a href=\"http:\/\/www.triplov.com\/semas\/\">http:\/\/www.triplov.com\/semas\/<\/a><\/p>\n<\/div>\n<\/div>\n<\/div>\n<\/div>\n<\/div>\n<\/div>\t\t\t\t\t\t\t\t<\/div>\n\t\t\t\t<\/div>\n\t\t\t\t\t<\/div>\n\t\t<\/div>\n\t\t\t\t<div class=\"elementor-column elementor-col-33 elementor-top-column elementor-element elementor-element-a0632c0\" data-id=\"a0632c0\" data-element_type=\"column\" data-e-type=\"column\">\n\t\t\t<div class=\"elementor-widget-wrap\">\n\t\t\t\t\t\t\t<\/div>\n\t\t<\/div>\n\t\t\t\t\t<\/div>\n\t\t<\/section>\n\t\t\t\t<\/div>\n\t\t","protected":false},"excerpt":{"rendered":"<p>Jos\u00e9 Augusto Mour\u00e3o (1947 \u2013 2011) Por altura da morte de Jos\u00e9 Augusto Mour\u00e3o, J. Tolentino Mendon\u00e7a escreveu um pequeno texto que intitulou \u201cO vazio verde\u201d, com o qual iniciamos esta nota In Memoriam: \u201cUm dia, quando se fizer a hist\u00f3ria do catolicismo portugu\u00eas que nos \u00e9 agora contempor\u00e2neo, h\u00e1-de ver-se, em toda a clareza,&#8230;<\/p>\n","protected":false},"author":3,"featured_media":0,"parent":990272,"menu_order":0,"comment_status":"closed","ping_status":"closed","template":"","meta":{"footnotes":""},"class_list":["post-989673","page","type-page","status-publish","hentry"],"acf":[],"yoast_head":"<!-- This site is optimized with the Yoast SEO plugin v23.2 - https:\/\/yoast.com\/wordpress\/plugins\/seo\/ -->\n<title>In Memoriam - Jos\u00e9 Augusto Mour\u00e3o (1947 \u2013 2011) - ICNOVA<\/title>\n<meta name=\"robots\" content=\"index, follow, max-snippet:-1, max-image-preview:large, max-video-preview:-1\" \/>\n<link rel=\"canonical\" href=\"https:\/\/icnova.staging.widgilabs-sites.com\/in-memoriam\/jose-augusto-mourao-1947-2011\/\" \/>\n<meta property=\"og:locale\" content=\"en_US\" \/>\n<meta property=\"og:type\" content=\"article\" \/>\n<meta property=\"og:title\" content=\"In Memoriam - Jos\u00e9 Augusto Mour\u00e3o (1947 \u2013 2011) - ICNOVA\" \/>\n<meta property=\"og:description\" content=\"Jos\u00e9 Augusto Mour\u00e3o (1947 \u2013 2011) Por altura da morte de Jos\u00e9 Augusto Mour\u00e3o, J. Tolentino Mendon\u00e7a escreveu um pequeno texto que intitulou \u201cO vazio verde\u201d, com o qual iniciamos esta nota In Memoriam: \u201cUm dia, quando se fizer a hist\u00f3ria do catolicismo portugu\u00eas que nos \u00e9 agora contempor\u00e2neo, h\u00e1-de ver-se, em toda a clareza,...\" \/>\n<meta property=\"og:url\" content=\"https:\/\/icnova.staging.widgilabs-sites.com\/in-memoriam\/jose-augusto-mourao-1947-2011\/\" \/>\n<meta property=\"og:site_name\" content=\"ICNOVA\" \/>\n<meta property=\"article:modified_time\" content=\"2023-05-19T14:52:00+00:00\" \/>\n<meta property=\"og:image\" content=\"https:\/\/icnova.staging.widgilabs-sites.com\/wp-content\/uploads\/2022\/09\/jose_augusto_mourao-400x225-1-300x169-1.jpeg\" \/>\n<meta name=\"twitter:card\" content=\"summary_large_image\" \/>\n<meta name=\"twitter:label1\" content=\"Est. reading time\" \/>\n\t<meta name=\"twitter:data1\" content=\"4 minutes\" \/>\n<script type=\"application\/ld+json\" class=\"yoast-schema-graph\">{\"@context\":\"https:\/\/schema.org\",\"@graph\":[{\"@type\":\"WebPage\",\"@id\":\"https:\/\/icnova.staging.widgilabs-sites.com\/in-memoriam\/jose-augusto-mourao-1947-2011\/\",\"url\":\"https:\/\/icnova.staging.widgilabs-sites.com\/in-memoriam\/jose-augusto-mourao-1947-2011\/\",\"name\":\"In Memoriam - Jos\u00e9 Augusto Mour\u00e3o (1947 \u2013 2011) - ICNOVA\",\"isPartOf\":{\"@id\":\"https:\/\/icnova.staging.widgilabs-sites.com\/#website\"},\"primaryImageOfPage\":{\"@id\":\"https:\/\/icnova.staging.widgilabs-sites.com\/in-memoriam\/jose-augusto-mourao-1947-2011\/#primaryimage\"},\"image\":{\"@id\":\"https:\/\/icnova.staging.widgilabs-sites.com\/in-memoriam\/jose-augusto-mourao-1947-2011\/#primaryimage\"},\"thumbnailUrl\":\"https:\/\/www.icnova.fcsh.unl.pt\/wp-content\/uploads\/2022\/09\/jose_augusto_mourao-400x225-1-300x169-1.jpeg\",\"datePublished\":\"2022-08-17T11:10:55+00:00\",\"dateModified\":\"2023-05-19T14:52:00+00:00\",\"breadcrumb\":{\"@id\":\"https:\/\/icnova.staging.widgilabs-sites.com\/in-memoriam\/jose-augusto-mourao-1947-2011\/#breadcrumb\"},\"inLanguage\":\"en-US\",\"potentialAction\":[{\"@type\":\"ReadAction\",\"target\":[\"https:\/\/icnova.staging.widgilabs-sites.com\/in-memoriam\/jose-augusto-mourao-1947-2011\/\"]}]},{\"@type\":\"ImageObject\",\"inLanguage\":\"en-US\",\"@id\":\"https:\/\/icnova.staging.widgilabs-sites.com\/in-memoriam\/jose-augusto-mourao-1947-2011\/#primaryimage\",\"url\":\"https:\/\/www.icnova.fcsh.unl.pt\/wp-content\/uploads\/2022\/09\/jose_augusto_mourao-400x225-1-300x169-1.jpeg\",\"contentUrl\":\"https:\/\/www.icnova.fcsh.unl.pt\/wp-content\/uploads\/2022\/09\/jose_augusto_mourao-400x225-1-300x169-1.jpeg\"},{\"@type\":\"BreadcrumbList\",\"@id\":\"https:\/\/icnova.staging.widgilabs-sites.com\/in-memoriam\/jose-augusto-mourao-1947-2011\/#breadcrumb\",\"itemListElement\":[{\"@type\":\"ListItem\",\"position\":1,\"name\":\"Home\",\"item\":\"https:\/\/www.icnova.fcsh.unl.pt\/en\/home\/\"},{\"@type\":\"ListItem\",\"position\":2,\"name\":\"In Memoriam\",\"item\":\"https:\/\/icnova.staging.widgilabs-sites.com\/in-memoriam\/\"},{\"@type\":\"ListItem\",\"position\":3,\"name\":\"In Memoriam &#8211; Jos\u00e9 Augusto Mour\u00e3o (1947 \u2013 2011)\"}]},{\"@type\":\"WebSite\",\"@id\":\"https:\/\/icnova.staging.widgilabs-sites.com\/#website\",\"url\":\"https:\/\/icnova.staging.widgilabs-sites.com\/\",\"name\":\"ICNOVA\",\"description\":\"INSTITUTO DE COMUNICA\u00c7\u00c3O DA NOVA\",\"publisher\":{\"@id\":\"https:\/\/icnova.staging.widgilabs-sites.com\/#organization\"},\"potentialAction\":[{\"@type\":\"SearchAction\",\"target\":{\"@type\":\"EntryPoint\",\"urlTemplate\":\"https:\/\/icnova.staging.widgilabs-sites.com\/?s={search_term_string}\"},\"query-input\":\"required name=search_term_string\"}],\"inLanguage\":\"en-US\"},{\"@type\":\"Organization\",\"@id\":\"https:\/\/icnova.staging.widgilabs-sites.com\/#organization\",\"name\":\"ICNOVA\",\"url\":\"https:\/\/icnova.staging.widgilabs-sites.com\/\",\"logo\":{\"@type\":\"ImageObject\",\"inLanguage\":\"en-US\",\"@id\":\"https:\/\/icnova.staging.widgilabs-sites.com\/#\/schema\/logo\/image\/\",\"url\":\"https:\/\/www.icnova.fcsh.unl.pt\/wp-content\/uploads\/2020\/02\/logo2.png\",\"contentUrl\":\"https:\/\/www.icnova.fcsh.unl.pt\/wp-content\/uploads\/2020\/02\/logo2.png\",\"width\":730,\"height\":209,\"caption\":\"ICNOVA\"},\"image\":{\"@id\":\"https:\/\/icnova.staging.widgilabs-sites.com\/#\/schema\/logo\/image\/\"}}]}<\/script>\n<!-- \/ Yoast SEO plugin. -->","yoast_head_json":{"title":"In Memoriam - Jos\u00e9 Augusto Mour\u00e3o (1947 \u2013 2011) - ICNOVA","robots":{"index":"index","follow":"follow","max-snippet":"max-snippet:-1","max-image-preview":"max-image-preview:large","max-video-preview":"max-video-preview:-1"},"canonical":"https:\/\/icnova.staging.widgilabs-sites.com\/in-memoriam\/jose-augusto-mourao-1947-2011\/","og_locale":"en_US","og_type":"article","og_title":"In Memoriam - Jos\u00e9 Augusto Mour\u00e3o (1947 \u2013 2011) - ICNOVA","og_description":"Jos\u00e9 Augusto Mour\u00e3o (1947 \u2013 2011) Por altura da morte de Jos\u00e9 Augusto Mour\u00e3o, J. Tolentino Mendon\u00e7a escreveu um pequeno texto que intitulou \u201cO vazio verde\u201d, com o qual iniciamos esta nota In Memoriam: \u201cUm dia, quando se fizer a hist\u00f3ria do catolicismo portugu\u00eas que nos \u00e9 agora contempor\u00e2neo, h\u00e1-de ver-se, em toda a clareza,...","og_url":"https:\/\/icnova.staging.widgilabs-sites.com\/in-memoriam\/jose-augusto-mourao-1947-2011\/","og_site_name":"ICNOVA","article_modified_time":"2023-05-19T14:52:00+00:00","og_image":[{"url":"https:\/\/icnova.staging.widgilabs-sites.com\/wp-content\/uploads\/2022\/09\/jose_augusto_mourao-400x225-1-300x169-1.jpeg"}],"twitter_card":"summary_large_image","twitter_misc":{"Est. reading time":"4 minutes"},"schema":{"@context":"https:\/\/schema.org","@graph":[{"@type":"WebPage","@id":"https:\/\/icnova.staging.widgilabs-sites.com\/in-memoriam\/jose-augusto-mourao-1947-2011\/","url":"https:\/\/icnova.staging.widgilabs-sites.com\/in-memoriam\/jose-augusto-mourao-1947-2011\/","name":"In Memoriam - Jos\u00e9 Augusto Mour\u00e3o (1947 \u2013 2011) - ICNOVA","isPartOf":{"@id":"https:\/\/icnova.staging.widgilabs-sites.com\/#website"},"primaryImageOfPage":{"@id":"https:\/\/icnova.staging.widgilabs-sites.com\/in-memoriam\/jose-augusto-mourao-1947-2011\/#primaryimage"},"image":{"@id":"https:\/\/icnova.staging.widgilabs-sites.com\/in-memoriam\/jose-augusto-mourao-1947-2011\/#primaryimage"},"thumbnailUrl":"https:\/\/www.icnova.fcsh.unl.pt\/wp-content\/uploads\/2022\/09\/jose_augusto_mourao-400x225-1-300x169-1.jpeg","datePublished":"2022-08-17T11:10:55+00:00","dateModified":"2023-05-19T14:52:00+00:00","breadcrumb":{"@id":"https:\/\/icnova.staging.widgilabs-sites.com\/in-memoriam\/jose-augusto-mourao-1947-2011\/#breadcrumb"},"inLanguage":"en-US","potentialAction":[{"@type":"ReadAction","target":["https:\/\/icnova.staging.widgilabs-sites.com\/in-memoriam\/jose-augusto-mourao-1947-2011\/"]}]},{"@type":"ImageObject","inLanguage":"en-US","@id":"https:\/\/icnova.staging.widgilabs-sites.com\/in-memoriam\/jose-augusto-mourao-1947-2011\/#primaryimage","url":"https:\/\/www.icnova.fcsh.unl.pt\/wp-content\/uploads\/2022\/09\/jose_augusto_mourao-400x225-1-300x169-1.jpeg","contentUrl":"https:\/\/www.icnova.fcsh.unl.pt\/wp-content\/uploads\/2022\/09\/jose_augusto_mourao-400x225-1-300x169-1.jpeg"},{"@type":"BreadcrumbList","@id":"https:\/\/icnova.staging.widgilabs-sites.com\/in-memoriam\/jose-augusto-mourao-1947-2011\/#breadcrumb","itemListElement":[{"@type":"ListItem","position":1,"name":"Home","item":"https:\/\/www.icnova.fcsh.unl.pt\/en\/home\/"},{"@type":"ListItem","position":2,"name":"In Memoriam","item":"https:\/\/icnova.staging.widgilabs-sites.com\/in-memoriam\/"},{"@type":"ListItem","position":3,"name":"In Memoriam &#8211; Jos\u00e9 Augusto Mour\u00e3o (1947 \u2013 2011)"}]},{"@type":"WebSite","@id":"https:\/\/icnova.staging.widgilabs-sites.com\/#website","url":"https:\/\/icnova.staging.widgilabs-sites.com\/","name":"ICNOVA","description":"INSTITUTO DE COMUNICA\u00c7\u00c3O DA NOVA","publisher":{"@id":"https:\/\/icnova.staging.widgilabs-sites.com\/#organization"},"potentialAction":[{"@type":"SearchAction","target":{"@type":"EntryPoint","urlTemplate":"https:\/\/icnova.staging.widgilabs-sites.com\/?s={search_term_string}"},"query-input":"required name=search_term_string"}],"inLanguage":"en-US"},{"@type":"Organization","@id":"https:\/\/icnova.staging.widgilabs-sites.com\/#organization","name":"ICNOVA","url":"https:\/\/icnova.staging.widgilabs-sites.com\/","logo":{"@type":"ImageObject","inLanguage":"en-US","@id":"https:\/\/icnova.staging.widgilabs-sites.com\/#\/schema\/logo\/image\/","url":"https:\/\/www.icnova.fcsh.unl.pt\/wp-content\/uploads\/2020\/02\/logo2.png","contentUrl":"https:\/\/www.icnova.fcsh.unl.pt\/wp-content\/uploads\/2020\/02\/logo2.png","width":730,"height":209,"caption":"ICNOVA"},"image":{"@id":"https:\/\/icnova.staging.widgilabs-sites.com\/#\/schema\/logo\/image\/"}}]}},"_links":{"self":[{"href":"https:\/\/www.icnova.fcsh.unl.pt\/en\/wp-json\/wp\/v2\/pages\/989673"}],"collection":[{"href":"https:\/\/www.icnova.fcsh.unl.pt\/en\/wp-json\/wp\/v2\/pages"}],"about":[{"href":"https:\/\/www.icnova.fcsh.unl.pt\/en\/wp-json\/wp\/v2\/types\/page"}],"author":[{"embeddable":true,"href":"https:\/\/www.icnova.fcsh.unl.pt\/en\/wp-json\/wp\/v2\/users\/3"}],"replies":[{"embeddable":true,"href":"https:\/\/www.icnova.fcsh.unl.pt\/en\/wp-json\/wp\/v2\/comments?post=989673"}],"version-history":[{"count":76,"href":"https:\/\/www.icnova.fcsh.unl.pt\/en\/wp-json\/wp\/v2\/pages\/989673\/revisions"}],"predecessor-version":[{"id":995404,"href":"https:\/\/www.icnova.fcsh.unl.pt\/en\/wp-json\/wp\/v2\/pages\/989673\/revisions\/995404"}],"up":[{"embeddable":true,"href":"https:\/\/www.icnova.fcsh.unl.pt\/en\/wp-json\/wp\/v2\/pages\/990272"}],"wp:attachment":[{"href":"https:\/\/www.icnova.fcsh.unl.pt\/en\/wp-json\/wp\/v2\/media?parent=989673"}],"curies":[{"name":"wp","href":"https:\/\/api.w.org\/{rel}","templated":true}]}}