{"id":994587,"date":"2023-04-11T11:57:29","date_gmt":"2023-04-11T11:57:29","guid":{"rendered":"https:\/\/icnova.staging.widgilabs-sites.com\/?page_id=994587"},"modified":"2025-11-28T12:53:06","modified_gmt":"2025-11-28T12:53:06","slug":"logos-e-imagens","status":"publish","type":"page","link":"https:\/\/www.icnova.fcsh.unl.pt\/en\/nos-media\/logos-e-imagens\/","title":{"rendered":"Logos e imagens"},"content":{"rendered":"\t\t<div data-elementor-type=\"wp-page\" data-elementor-id=\"994587\" class=\"elementor elementor-994587\" data-elementor-post-type=\"page\">\n\t\t\t\t\t\t<section class=\"elementor-section elementor-top-section elementor-element elementor-element-aab04d1 elementor-section-height-min-height elementor-section-boxed elementor-section-height-default elementor-section-items-middle\" data-id=\"aab04d1\" data-element_type=\"section\" data-e-type=\"section\" data-settings=\"{&quot;background_background&quot;:&quot;classic&quot;}\">\n\t\t\t\t\t\t\t<div class=\"elementor-background-overlay\"><\/div>\n\t\t\t\t\t\t\t<div class=\"elementor-container elementor-column-gap-default\">\n\t\t\t\t\t<div class=\"elementor-column elementor-col-100 elementor-top-column elementor-element elementor-element-4774631\" data-id=\"4774631\" data-element_type=\"column\" data-e-type=\"column\" data-settings=\"{&quot;background_background&quot;:&quot;classic&quot;}\">\n\t\t\t<div class=\"elementor-widget-wrap\">\n\t\t\t\t\t\t\t<\/div>\n\t\t<\/div>\n\t\t\t\t\t<\/div>\n\t\t<\/section>\n\t\t\t\t<section class=\"elementor-section elementor-top-section elementor-element elementor-element-643c0cf elementor-section-boxed elementor-section-height-default elementor-section-height-default\" data-id=\"643c0cf\" data-element_type=\"section\" data-e-type=\"section\">\n\t\t\t\t\t\t<div class=\"elementor-container elementor-column-gap-no\">\n\t\t\t\t\t<div class=\"elementor-column elementor-col-50 elementor-top-column elementor-element elementor-element-78dc4e8 animated-fast icnova--corners elementor-invisible\" data-id=\"78dc4e8\" data-element_type=\"column\" data-e-type=\"column\" data-settings=\"{&quot;background_background&quot;:&quot;classic&quot;,&quot;animation&quot;:&quot;fadeIn&quot;,&quot;animation_tablet&quot;:&quot;none&quot;,&quot;animation_mobile&quot;:&quot;none&quot;,&quot;animation_delay&quot;:100}\">\n\t\t\t<div class=\"elementor-widget-wrap elementor-element-populated\">\n\t\t\t\t\t\t<div class=\"elementor-element elementor-element-dafd693 elementor-widget elementor-widget-text-editor\" data-id=\"dafd693\" data-element_type=\"widget\" data-e-type=\"widget\" data-widget_type=\"text-editor.default\">\n\t\t\t\t<div class=\"elementor-widget-container\">\n\t\t\t\t\t\t\t\t\t<p>Reposit\u00f3rio de imagens para media (log\u00f3tipo ICNOVA e fotografias gerais ilustrativas).<\/p>\t\t\t\t\t\t\t\t<\/div>\n\t\t\t\t<\/div>\n\t\t\t\t\t<\/div>\n\t\t<\/div>\n\t\t\t\t<div class=\"elementor-column elementor-col-50 elementor-top-column elementor-element elementor-element-4c7362a elementor-hidden-desktop elementor-hidden-tablet elementor-hidden-phone\" data-id=\"4c7362a\" data-element_type=\"column\" data-e-type=\"column\">\n\t\t\t<div class=\"elementor-widget-wrap\">\n\t\t\t\t\t\t\t<\/div>\n\t\t<\/div>\n\t\t\t\t\t<\/div>\n\t\t<\/section>\n\t\t\t\t<section class=\"elementor-section elementor-top-section elementor-element elementor-element-20fb062 elementor-section-boxed elementor-section-height-default elementor-section-height-default\" data-id=\"20fb062\" data-element_type=\"section\" data-e-type=\"section\">\n\t\t\t\t\t\t<div class=\"elementor-container elementor-column-gap-default\">\n\t\t\t\t\t<div class=\"elementor-column elementor-col-50 elementor-top-column elementor-element elementor-element-254937e\" data-id=\"254937e\" data-element_type=\"column\" data-e-type=\"column\" data-settings=\"{&quot;background_background&quot;:&quot;classic&quot;}\">\n\t\t\t<div class=\"elementor-widget-wrap elementor-element-populated\">\n\t\t\t\t\t\t<div class=\"elementor-element elementor-element-439aa4e elementor-widget elementor-widget-text-editor\" data-id=\"439aa4e\" data-element_type=\"widget\" data-e-type=\"widget\" data-widget_type=\"text-editor.default\">\n\t\t\t\t<div class=\"elementor-widget-container\">\n\t\t\t\t\t\t\t\t\t<h2 class=\"elementor-heading-title elementor-size-default elementor-inline-editing pen\" style=\"font-style: normal; font-variant-ligatures: normal; font-variant-caps: normal; font-weight: var( --e-global-typography-vamtam_h2-font-weight ); font-size: 35px; line-height: var( --e-global-typography-vamtam_h2-line-height ); font-family: var( --e-global-typography-vamtam_h2-font-family ), Sans-serif; letter-spacing: normal; text-transform: none; text-decoration-thickness: initial; text-decoration-style: initial; text-decoration-color: initial; color: #ffffff; background-color: #f49404;\" data-elementor-setting-key=\"title\" data-pen-placeholder=\"Digite aqui...\">Log\u00f3tipo<\/h2><p>\u00a0<\/p><p>O log\u00f3tipo do ICNOVA poder\u00e1 ser utilizado na vers\u00e3o monocrom\u00e1tica e a cores.\u00a0<\/p>\t\t\t\t\t\t\t\t<\/div>\n\t\t\t\t<\/div>\n\t\t\t\t<div class=\"elementor-element elementor-element-6f12ad1 elementor-widget elementor-widget-button\" data-id=\"6f12ad1\" data-element_type=\"widget\" data-e-type=\"widget\" data-widget_type=\"button.default\">\n\t\t\t\t<div class=\"elementor-widget-container\">\n\t\t\t\t\t\t\t\t\t<div class=\"elementor-button-wrapper\">\n\t\t\t\t\t<a class=\"elementor-button elementor-button-link elementor-size-sm\" href=\"https:\/\/www.icnova.fcsh.unl.pt\/wp-content\/uploads\/2024\/02\/GUIA-DE-NORMAS-DE-APLICACAO-DE-IDENTIDADE-VISUAL-ICNOVA.pdf\">\n\t\t\t\t\t\t<span class=\"elementor-button-content-wrapper\">\n\t\t\t\t\t\t\t\t\t<span class=\"elementor-button-text\">Guia de Normas de Aplica\u00e7\u00e3o de Logotipos<\/span>\n\t\t\t\t\t<\/span>\n\t\t\t\t\t<\/a>\n\t\t\t\t<\/div>\n\t\t\t\t\t\t\t\t<\/div>\n\t\t\t\t<\/div>\n\t\t\t\t<div class=\"elementor-element elementor-element-2d64516 elementor-widget elementor-widget-button\" data-id=\"2d64516\" data-element_type=\"widget\" data-e-type=\"widget\" data-widget_type=\"button.default\">\n\t\t\t\t<div class=\"elementor-widget-container\">\n\t\t\t\t\t\t\t\t\t<div class=\"elementor-button-wrapper\">\n\t\t\t\t\t<a class=\"elementor-button elementor-button-link elementor-size-sm\" href=\"https:\/\/drive.google.com\/drive\/u\/1\/folders\/15Y19ry-SmmTJOz3sw8QWfVQ0rEx6BL4n\">\n\t\t\t\t\t\t<span class=\"elementor-button-content-wrapper\">\n\t\t\t\t\t\t\t\t\t<span class=\"elementor-button-text\">Download logo<\/span>\n\t\t\t\t\t<\/span>\n\t\t\t\t\t<\/a>\n\t\t\t\t<\/div>\n\t\t\t\t\t\t\t\t<\/div>\n\t\t\t\t<\/div>\n\t\t\t\t\t<\/div>\n\t\t<\/div>\n\t\t\t\t<div class=\"elementor-column elementor-col-50 elementor-top-column elementor-element elementor-element-b4d5946\" data-id=\"b4d5946\" data-element_type=\"column\" data-e-type=\"column\">\n\t\t\t<div class=\"elementor-widget-wrap elementor-element-populated\">\n\t\t\t\t\t\t<div class=\"elementor-element elementor-element-1c9c83d elementor-widget elementor-widget-image\" data-id=\"1c9c83d\" data-element_type=\"widget\" data-e-type=\"widget\" data-widget_type=\"image.default\">\n\t\t\t\t<div class=\"elementor-widget-container\">\n\t\t\t\t\t\t\t\t\t<div class=\"elementor-image\">\n\t\t\t\t\t\t\t\t\t\t\t\t\t\t\t\t\t\t\t\t\t<img fetchpriority=\"high\" decoding=\"async\" width=\"1024\" height=\"377\" src=\"https:\/\/www.icnova.fcsh.unl.pt\/wp-content\/uploads\/2023\/04\/icnova-logo_colour-1024x377.png\" class=\"attachment-large size-large wp-image-994589\" alt=\"\" srcset=\"https:\/\/www.icnova.fcsh.unl.pt\/wp-content\/uploads\/2023\/04\/icnova-logo_colour-1024x377.png 1024w, https:\/\/www.icnova.fcsh.unl.pt\/wp-content\/uploads\/2023\/04\/icnova-logo_colour-300x110.png 300w, https:\/\/www.icnova.fcsh.unl.pt\/wp-content\/uploads\/2023\/04\/icnova-logo_colour-768x283.png 768w, https:\/\/www.icnova.fcsh.unl.pt\/wp-content\/uploads\/2023\/04\/icnova-logo_colour.png 1279w\" sizes=\"(max-width: 1024px) 100vw, 1024px\" \/>\t\t\t\t\t\t\t\t\t\t\t\t\t\t\t\t\t\t\t\t\t\t\t\t<\/div>\n\t\t\t\t\t\t\t\t<\/div>\n\t\t\t\t<\/div>\n\t\t\t\t\t<\/div>\n\t\t<\/div>\n\t\t\t\t\t<\/div>\n\t\t<\/section>\n\t\t\t\t<section class=\"elementor-section elementor-top-section elementor-element elementor-element-ef1342d elementor-section-boxed elementor-section-height-default elementor-section-height-default\" data-id=\"ef1342d\" data-element_type=\"section\" data-e-type=\"section\">\n\t\t\t\t\t\t<div class=\"elementor-container elementor-column-gap-default\">\n\t\t\t\t\t<div class=\"elementor-column elementor-col-100 elementor-top-column elementor-element elementor-element-b35c69d\" data-id=\"b35c69d\" data-element_type=\"column\" data-e-type=\"column\">\n\t\t\t<div class=\"elementor-widget-wrap elementor-element-populated\">\n\t\t\t\t\t\t<div class=\"elementor-element elementor-element-4ad1407 elementor-widget elementor-widget-spacer\" data-id=\"4ad1407\" data-element_type=\"widget\" data-e-type=\"widget\" data-widget_type=\"spacer.default\">\n\t\t\t\t<div class=\"elementor-widget-container\">\n\t\t\t\t\t\t\t<div class=\"elementor-spacer\">\n\t\t\t<div class=\"elementor-spacer-inner\"><\/div>\n\t\t<\/div>\n\t\t\t\t\t\t<\/div>\n\t\t\t\t<\/div>\n\t\t\t\t\t<\/div>\n\t\t<\/div>\n\t\t\t\t\t<\/div>\n\t\t<\/section>\n\t\t\t\t<section class=\"elementor-section elementor-top-section elementor-element elementor-element-adb1e7b elementor-section-boxed elementor-section-height-default elementor-section-height-default\" data-id=\"adb1e7b\" data-element_type=\"section\" data-e-type=\"section\">\n\t\t\t\t\t\t<div class=\"elementor-container elementor-column-gap-default\">\n\t\t\t\t\t<div class=\"elementor-column elementor-col-50 elementor-top-column elementor-element elementor-element-a211d40\" data-id=\"a211d40\" data-element_type=\"column\" data-e-type=\"column\" data-settings=\"{&quot;background_background&quot;:&quot;classic&quot;}\">\n\t\t\t<div class=\"elementor-widget-wrap elementor-element-populated\">\n\t\t\t\t\t\t<div class=\"elementor-element elementor-element-8a74450 elementor-widget elementor-widget-text-editor\" data-id=\"8a74450\" data-element_type=\"widget\" data-e-type=\"widget\" data-widget_type=\"text-editor.default\">\n\t\t\t\t<div class=\"elementor-widget-container\">\n\t\t\t\t\t\t\t\t\t<h2 class=\"elementor-heading-title elementor-size-default elementor-inline-editing pen\" style=\"font-style: normal; font-variant-ligatures: normal; font-variant-caps: normal; font-weight: var( --e-global-typography-vamtam_h2-font-weight ); font-size: 35px; line-height: var( --e-global-typography-vamtam_h2-line-height ); font-family: var( --e-global-typography-vamtam_h2-font-family ), Sans-serif; letter-spacing: normal; text-transform: none; text-decoration-thickness: initial; text-decoration-style: initial; text-decoration-color: initial; color: #ffffff; background-color: #f49404;\" data-elementor-setting-key=\"title\" data-pen-placeholder=\"Digite aqui...\">Imagens ilustrativas<\/h2><p>\u00a0<\/p><p>O ICNOVA situa-se no Col\u00e9gio Almada Negreiros (CAN) da Faculdade de Ci\u00eancias Sociais e Humanas da Universidade NOVA de Lisboa (FCSH NOVA). Poder\u00e1 aceder abaixo a imagens exteriores do CAN.<\/p>\t\t\t\t\t\t\t\t<\/div>\n\t\t\t\t<\/div>\n\t\t\t\t<div class=\"elementor-element elementor-element-0ed2b44 elementor-widget elementor-widget-button\" data-id=\"0ed2b44\" data-element_type=\"widget\" data-e-type=\"widget\" data-widget_type=\"button.default\">\n\t\t\t\t<div class=\"elementor-widget-container\">\n\t\t\t\t\t\t\t\t\t<div class=\"elementor-button-wrapper\">\n\t\t\t\t\t<a class=\"elementor-button elementor-button-link elementor-size-sm\" href=\"https:\/\/icnova.staging.widgilabs-sites.com\/wp-content\/uploads\/2023\/04\/Colegio-Almada-Negreiros_FCSH-scaled.jpg\">\n\t\t\t\t\t\t<span class=\"elementor-button-content-wrapper\">\n\t\t\t\t\t\t\t\t\t<span class=\"elementor-button-text\">CAN 1<\/span>\n\t\t\t\t\t<\/span>\n\t\t\t\t\t<\/a>\n\t\t\t\t<\/div>\n\t\t\t\t\t\t\t\t<\/div>\n\t\t\t\t<\/div>\n\t\t\t\t<div class=\"elementor-element elementor-element-f65dc84 elementor-widget elementor-widget-button\" data-id=\"f65dc84\" data-element_type=\"widget\" data-e-type=\"widget\" data-widget_type=\"button.default\">\n\t\t\t\t<div class=\"elementor-widget-container\">\n\t\t\t\t\t\t\t\t\t<div class=\"elementor-button-wrapper\">\n\t\t\t\t\t<a class=\"elementor-button elementor-button-link elementor-size-sm\" href=\"https:\/\/icnova.staging.widgilabs-sites.com\/wp-content\/uploads\/2023\/04\/Colegio-Almada-Negreiros_FCSH_2-scaled.jpg\">\n\t\t\t\t\t\t<span class=\"elementor-button-content-wrapper\">\n\t\t\t\t\t\t\t\t\t<span class=\"elementor-button-text\">CAN 2<\/span>\n\t\t\t\t\t<\/span>\n\t\t\t\t\t<\/a>\n\t\t\t\t<\/div>\n\t\t\t\t\t\t\t\t<\/div>\n\t\t\t\t<\/div>\n\t\t\t\t<div class=\"elementor-element elementor-element-e09be20 elementor-widget elementor-widget-button\" data-id=\"e09be20\" data-element_type=\"widget\" data-e-type=\"widget\" data-widget_type=\"button.default\">\n\t\t\t\t<div class=\"elementor-widget-container\">\n\t\t\t\t\t\t\t\t\t<div class=\"elementor-button-wrapper\">\n\t\t\t\t\t<a class=\"elementor-button elementor-button-link elementor-size-sm\" href=\"https:\/\/icnova.staging.widgilabs-sites.com\/wp-content\/uploads\/2023\/04\/Colegio-Almada-Negreiros_FCSH_3-scaled.jpg\">\n\t\t\t\t\t\t<span class=\"elementor-button-content-wrapper\">\n\t\t\t\t\t\t\t\t\t<span class=\"elementor-button-text\">CAN 3<\/span>\n\t\t\t\t\t<\/span>\n\t\t\t\t\t<\/a>\n\t\t\t\t<\/div>\n\t\t\t\t\t\t\t\t<\/div>\n\t\t\t\t<\/div>\n\t\t\t\t\t<\/div>\n\t\t<\/div>\n\t\t\t\t<div class=\"elementor-column elementor-col-50 elementor-top-column elementor-element elementor-element-81a2200\" data-id=\"81a2200\" data-element_type=\"column\" data-e-type=\"column\">\n\t\t\t<div class=\"elementor-widget-wrap elementor-element-populated\">\n\t\t\t\t\t\t<div class=\"elementor-element elementor-element-ab7c424 elementor-widget elementor-widget-image\" data-id=\"ab7c424\" data-element_type=\"widget\" data-e-type=\"widget\" data-widget_type=\"image.default\">\n\t\t\t\t<div class=\"elementor-widget-container\">\n\t\t\t\t\t\t\t\t\t<div class=\"elementor-image\">\n\t\t\t\t\t\t\t\t\t\t\t\t\t\t\t\t\t\t\t\t\t<img decoding=\"async\" width=\"1024\" height=\"683\" src=\"https:\/\/www.icnova.fcsh.unl.pt\/wp-content\/uploads\/2023\/04\/Colegio-Almada-Negreiros_FCSH_2-1024x683.jpg\" class=\"attachment-large size-large wp-image-994593\" alt=\"\" srcset=\"https:\/\/www.icnova.fcsh.unl.pt\/wp-content\/uploads\/2023\/04\/Colegio-Almada-Negreiros_FCSH_2-1024x683.jpg 1024w, https:\/\/www.icnova.fcsh.unl.pt\/wp-content\/uploads\/2023\/04\/Colegio-Almada-Negreiros_FCSH_2-300x200.jpg 300w, https:\/\/www.icnova.fcsh.unl.pt\/wp-content\/uploads\/2023\/04\/Colegio-Almada-Negreiros_FCSH_2-768x512.jpg 768w, https:\/\/www.icnova.fcsh.unl.pt\/wp-content\/uploads\/2023\/04\/Colegio-Almada-Negreiros_FCSH_2-1536x1024.jpg 1536w, https:\/\/www.icnova.fcsh.unl.pt\/wp-content\/uploads\/2023\/04\/Colegio-Almada-Negreiros_FCSH_2-2048x1365.jpg 2048w\" sizes=\"(max-width: 1024px) 100vw, 1024px\" \/>\t\t\t\t\t\t\t\t\t\t\t\t\t\t\t\t\t\t\t\t\t\t\t\t<\/div>\n\t\t\t\t\t\t\t\t<\/div>\n\t\t\t\t<\/div>\n\t\t\t\t\t<\/div>\n\t\t<\/div>\n\t\t\t\t\t<\/div>\n\t\t<\/section>\n\t\t\t\t<\/div>\n\t\t","protected":false},"excerpt":{"rendered":"<p>Reposit\u00f3rio de imagens para media (log\u00f3tipo ICNOVA e fotografias gerais ilustrativas). Log\u00f3tipo \u00a0 O log\u00f3tipo do ICNOVA poder\u00e1 ser utilizado na vers\u00e3o monocrom\u00e1tica e a cores.\u00a0 Guia de Normas de Aplica\u00e7\u00e3o de Logotipos Download logo Imagens ilustrativas \u00a0 O ICNOVA situa-se no Col\u00e9gio Almada Negreiros (CAN) da Faculdade de Ci\u00eancias Sociais e Humanas da Universidade&#8230;<\/p>\n","protected":false},"author":10,"featured_media":0,"parent":993942,"menu_order":0,"comment_status":"closed","ping_status":"closed","template":"","meta":{"footnotes":""},"class_list":["post-994587","page","type-page","status-publish","hentry"],"acf":[],"yoast_head":"<!-- This site is optimized with the Yoast SEO plugin v23.2 - https:\/\/yoast.com\/wordpress\/plugins\/seo\/ -->\n<title>Logos e imagens - ICNOVA<\/title>\n<meta name=\"robots\" content=\"index, follow, max-snippet:-1, max-image-preview:large, max-video-preview:-1\" \/>\n<link rel=\"canonical\" href=\"https:\/\/www.icnova.fcsh.unl.pt\/nos-media\/logos-e-imagens\/\" \/>\n<meta property=\"og:locale\" content=\"en_US\" \/>\n<meta property=\"og:type\" content=\"article\" \/>\n<meta property=\"og:title\" content=\"Logos e imagens - ICNOVA\" \/>\n<meta property=\"og:description\" content=\"Reposit\u00f3rio de imagens para media (log\u00f3tipo ICNOVA e fotografias gerais ilustrativas). Log\u00f3tipo \u00a0 O log\u00f3tipo do ICNOVA poder\u00e1 ser utilizado na vers\u00e3o monocrom\u00e1tica e a cores.\u00a0 Guia de Normas de Aplica\u00e7\u00e3o de Logotipos Download logo Imagens ilustrativas \u00a0 O ICNOVA situa-se no Col\u00e9gio Almada Negreiros (CAN) da Faculdade de Ci\u00eancias Sociais e Humanas da Universidade...\" \/>\n<meta property=\"og:url\" content=\"https:\/\/www.icnova.fcsh.unl.pt\/nos-media\/logos-e-imagens\/\" \/>\n<meta property=\"og:site_name\" content=\"ICNOVA\" \/>\n<meta property=\"article:modified_time\" content=\"2025-11-28T12:53:06+00:00\" \/>\n<meta property=\"og:image\" content=\"https:\/\/www.icnova.fcsh.unl.pt\/wp-content\/uploads\/2023\/04\/icnova-logo_colour-1024x377.png\" \/>\n<meta name=\"twitter:card\" content=\"summary_large_image\" \/>\n<meta name=\"twitter:label1\" content=\"Est. reading time\" \/>\n\t<meta name=\"twitter:data1\" content=\"1 minute\" \/>\n<script type=\"application\/ld+json\" class=\"yoast-schema-graph\">{\"@context\":\"https:\/\/schema.org\",\"@graph\":[{\"@type\":\"WebPage\",\"@id\":\"https:\/\/www.icnova.fcsh.unl.pt\/nos-media\/logos-e-imagens\/\",\"url\":\"https:\/\/www.icnova.fcsh.unl.pt\/nos-media\/logos-e-imagens\/\",\"name\":\"Logos e imagens - ICNOVA\",\"isPartOf\":{\"@id\":\"https:\/\/icnova.staging.widgilabs-sites.com\/#website\"},\"primaryImageOfPage\":{\"@id\":\"https:\/\/www.icnova.fcsh.unl.pt\/nos-media\/logos-e-imagens\/#primaryimage\"},\"image\":{\"@id\":\"https:\/\/www.icnova.fcsh.unl.pt\/nos-media\/logos-e-imagens\/#primaryimage\"},\"thumbnailUrl\":\"https:\/\/www.icnova.fcsh.unl.pt\/wp-content\/uploads\/2023\/04\/icnova-logo_colour-1024x377.png\",\"datePublished\":\"2023-04-11T11:57:29+00:00\",\"dateModified\":\"2025-11-28T12:53:06+00:00\",\"breadcrumb\":{\"@id\":\"https:\/\/www.icnova.fcsh.unl.pt\/nos-media\/logos-e-imagens\/#breadcrumb\"},\"inLanguage\":\"en-US\",\"potentialAction\":[{\"@type\":\"ReadAction\",\"target\":[\"https:\/\/www.icnova.fcsh.unl.pt\/nos-media\/logos-e-imagens\/\"]}]},{\"@type\":\"ImageObject\",\"inLanguage\":\"en-US\",\"@id\":\"https:\/\/www.icnova.fcsh.unl.pt\/nos-media\/logos-e-imagens\/#primaryimage\",\"url\":\"https:\/\/www.icnova.fcsh.unl.pt\/wp-content\/uploads\/2023\/04\/icnova-logo_colour-1024x377.png\",\"contentUrl\":\"https:\/\/www.icnova.fcsh.unl.pt\/wp-content\/uploads\/2023\/04\/icnova-logo_colour-1024x377.png\"},{\"@type\":\"BreadcrumbList\",\"@id\":\"https:\/\/www.icnova.fcsh.unl.pt\/nos-media\/logos-e-imagens\/#breadcrumb\",\"itemListElement\":[{\"@type\":\"ListItem\",\"position\":1,\"name\":\"Home\",\"item\":\"https:\/\/www.icnova.fcsh.unl.pt\/en\/home\/\"},{\"@type\":\"ListItem\",\"position\":2,\"name\":\"Nos media\",\"item\":\"https:\/\/icnova.staging.widgilabs-sites.com\/nos-media\/\"},{\"@type\":\"ListItem\",\"position\":3,\"name\":\"Logos e imagens\"}]},{\"@type\":\"WebSite\",\"@id\":\"https:\/\/icnova.staging.widgilabs-sites.com\/#website\",\"url\":\"https:\/\/icnova.staging.widgilabs-sites.com\/\",\"name\":\"ICNOVA\",\"description\":\"INSTITUTO DE COMUNICA\u00c7\u00c3O DA NOVA\",\"publisher\":{\"@id\":\"https:\/\/icnova.staging.widgilabs-sites.com\/#organization\"},\"potentialAction\":[{\"@type\":\"SearchAction\",\"target\":{\"@type\":\"EntryPoint\",\"urlTemplate\":\"https:\/\/icnova.staging.widgilabs-sites.com\/?s={search_term_string}\"},\"query-input\":\"required name=search_term_string\"}],\"inLanguage\":\"en-US\"},{\"@type\":\"Organization\",\"@id\":\"https:\/\/icnova.staging.widgilabs-sites.com\/#organization\",\"name\":\"ICNOVA\",\"url\":\"https:\/\/icnova.staging.widgilabs-sites.com\/\",\"logo\":{\"@type\":\"ImageObject\",\"inLanguage\":\"en-US\",\"@id\":\"https:\/\/icnova.staging.widgilabs-sites.com\/#\/schema\/logo\/image\/\",\"url\":\"https:\/\/www.icnova.fcsh.unl.pt\/wp-content\/uploads\/2020\/02\/logo2.png\",\"contentUrl\":\"https:\/\/www.icnova.fcsh.unl.pt\/wp-content\/uploads\/2020\/02\/logo2.png\",\"width\":730,\"height\":209,\"caption\":\"ICNOVA\"},\"image\":{\"@id\":\"https:\/\/icnova.staging.widgilabs-sites.com\/#\/schema\/logo\/image\/\"}}]}<\/script>\n<!-- \/ Yoast SEO plugin. -->","yoast_head_json":{"title":"Logos e imagens - ICNOVA","robots":{"index":"index","follow":"follow","max-snippet":"max-snippet:-1","max-image-preview":"max-image-preview:large","max-video-preview":"max-video-preview:-1"},"canonical":"https:\/\/www.icnova.fcsh.unl.pt\/nos-media\/logos-e-imagens\/","og_locale":"en_US","og_type":"article","og_title":"Logos e imagens - ICNOVA","og_description":"Reposit\u00f3rio de imagens para media (log\u00f3tipo ICNOVA e fotografias gerais ilustrativas). Log\u00f3tipo \u00a0 O log\u00f3tipo do ICNOVA poder\u00e1 ser utilizado na vers\u00e3o monocrom\u00e1tica e a cores.\u00a0 Guia de Normas de Aplica\u00e7\u00e3o de Logotipos Download logo Imagens ilustrativas \u00a0 O ICNOVA situa-se no Col\u00e9gio Almada Negreiros (CAN) da Faculdade de Ci\u00eancias Sociais e Humanas da Universidade...","og_url":"https:\/\/www.icnova.fcsh.unl.pt\/nos-media\/logos-e-imagens\/","og_site_name":"ICNOVA","article_modified_time":"2025-11-28T12:53:06+00:00","og_image":[{"url":"https:\/\/www.icnova.fcsh.unl.pt\/wp-content\/uploads\/2023\/04\/icnova-logo_colour-1024x377.png"}],"twitter_card":"summary_large_image","twitter_misc":{"Est. reading time":"1 minute"},"schema":{"@context":"https:\/\/schema.org","@graph":[{"@type":"WebPage","@id":"https:\/\/www.icnova.fcsh.unl.pt\/nos-media\/logos-e-imagens\/","url":"https:\/\/www.icnova.fcsh.unl.pt\/nos-media\/logos-e-imagens\/","name":"Logos e imagens - ICNOVA","isPartOf":{"@id":"https:\/\/icnova.staging.widgilabs-sites.com\/#website"},"primaryImageOfPage":{"@id":"https:\/\/www.icnova.fcsh.unl.pt\/nos-media\/logos-e-imagens\/#primaryimage"},"image":{"@id":"https:\/\/www.icnova.fcsh.unl.pt\/nos-media\/logos-e-imagens\/#primaryimage"},"thumbnailUrl":"https:\/\/www.icnova.fcsh.unl.pt\/wp-content\/uploads\/2023\/04\/icnova-logo_colour-1024x377.png","datePublished":"2023-04-11T11:57:29+00:00","dateModified":"2025-11-28T12:53:06+00:00","breadcrumb":{"@id":"https:\/\/www.icnova.fcsh.unl.pt\/nos-media\/logos-e-imagens\/#breadcrumb"},"inLanguage":"en-US","potentialAction":[{"@type":"ReadAction","target":["https:\/\/www.icnova.fcsh.unl.pt\/nos-media\/logos-e-imagens\/"]}]},{"@type":"ImageObject","inLanguage":"en-US","@id":"https:\/\/www.icnova.fcsh.unl.pt\/nos-media\/logos-e-imagens\/#primaryimage","url":"https:\/\/www.icnova.fcsh.unl.pt\/wp-content\/uploads\/2023\/04\/icnova-logo_colour-1024x377.png","contentUrl":"https:\/\/www.icnova.fcsh.unl.pt\/wp-content\/uploads\/2023\/04\/icnova-logo_colour-1024x377.png"},{"@type":"BreadcrumbList","@id":"https:\/\/www.icnova.fcsh.unl.pt\/nos-media\/logos-e-imagens\/#breadcrumb","itemListElement":[{"@type":"ListItem","position":1,"name":"Home","item":"https:\/\/www.icnova.fcsh.unl.pt\/en\/home\/"},{"@type":"ListItem","position":2,"name":"Nos media","item":"https:\/\/icnova.staging.widgilabs-sites.com\/nos-media\/"},{"@type":"ListItem","position":3,"name":"Logos e imagens"}]},{"@type":"WebSite","@id":"https:\/\/icnova.staging.widgilabs-sites.com\/#website","url":"https:\/\/icnova.staging.widgilabs-sites.com\/","name":"ICNOVA","description":"INSTITUTO DE COMUNICA\u00c7\u00c3O DA NOVA","publisher":{"@id":"https:\/\/icnova.staging.widgilabs-sites.com\/#organization"},"potentialAction":[{"@type":"SearchAction","target":{"@type":"EntryPoint","urlTemplate":"https:\/\/icnova.staging.widgilabs-sites.com\/?s={search_term_string}"},"query-input":"required name=search_term_string"}],"inLanguage":"en-US"},{"@type":"Organization","@id":"https:\/\/icnova.staging.widgilabs-sites.com\/#organization","name":"ICNOVA","url":"https:\/\/icnova.staging.widgilabs-sites.com\/","logo":{"@type":"ImageObject","inLanguage":"en-US","@id":"https:\/\/icnova.staging.widgilabs-sites.com\/#\/schema\/logo\/image\/","url":"https:\/\/www.icnova.fcsh.unl.pt\/wp-content\/uploads\/2020\/02\/logo2.png","contentUrl":"https:\/\/www.icnova.fcsh.unl.pt\/wp-content\/uploads\/2020\/02\/logo2.png","width":730,"height":209,"caption":"ICNOVA"},"image":{"@id":"https:\/\/icnova.staging.widgilabs-sites.com\/#\/schema\/logo\/image\/"}}]}},"_links":{"self":[{"href":"https:\/\/www.icnova.fcsh.unl.pt\/en\/wp-json\/wp\/v2\/pages\/994587"}],"collection":[{"href":"https:\/\/www.icnova.fcsh.unl.pt\/en\/wp-json\/wp\/v2\/pages"}],"about":[{"href":"https:\/\/www.icnova.fcsh.unl.pt\/en\/wp-json\/wp\/v2\/types\/page"}],"author":[{"embeddable":true,"href":"https:\/\/www.icnova.fcsh.unl.pt\/en\/wp-json\/wp\/v2\/users\/10"}],"replies":[{"embeddable":true,"href":"https:\/\/www.icnova.fcsh.unl.pt\/en\/wp-json\/wp\/v2\/comments?post=994587"}],"version-history":[{"count":15,"href":"https:\/\/www.icnova.fcsh.unl.pt\/en\/wp-json\/wp\/v2\/pages\/994587\/revisions"}],"predecessor-version":[{"id":1005846,"href":"https:\/\/www.icnova.fcsh.unl.pt\/en\/wp-json\/wp\/v2\/pages\/994587\/revisions\/1005846"}],"up":[{"embeddable":true,"href":"https:\/\/www.icnova.fcsh.unl.pt\/en\/wp-json\/wp\/v2\/pages\/993942"}],"wp:attachment":[{"href":"https:\/\/www.icnova.fcsh.unl.pt\/en\/wp-json\/wp\/v2\/media?parent=994587"}],"curies":[{"name":"wp","href":"https:\/\/api.w.org\/{rel}","templated":true}]}}